{"id":90216,"date":"2025-01-31T16:52:22","date_gmt":"2025-01-31T15:52:22","guid":{"rendered":"https:\/\/hotel-hr-spamarin.fr\/kundenmeinungen\/"},"modified":"2026-04-15T20:56:51","modified_gmt":"2026-04-15T18:56:51","slug":"kundenmeinungen","status":"publish","type":"page","link":"https:\/\/hotel-hr-spamarin.fr\/de\/kundenmeinungen\/","title":{"rendered":"Kundenmeinungen"},"content":{"rendered":"\n<div class=\"wp-block-group alignwide has-global-padding is-layout-constrained wp-block-group-is-layout-constrained\">\n<div style=\"height:100px\" aria-hidden=\"true\" class=\"wp-block-spacer gt-hide-mobile\"><\/div>\n\n\n\n<h1 class=\"wp-block-heading\">Die Meinungen unserer Kunden<\/h1>\n\n\n\n<div style=\"height:50px\" aria-hidden=\"true\" class=\"wp-block-spacer gt-hide-mobile\"><\/div>\n\n\n<div class=\"gs-crs-container\"><div class=\"gs-crs-column gs-crs-column-30\">        <div class=\"gs-badge\" style=\"background: #ffffff; border: 1px solid #a7b3ce; border-radius: 8px;\">\n            <div class=\"gs-header\">\n                <div class=\"gs-establishment-name\">\n                    <span style=\"color:#000000\">HR Hotel &amp; Spa Marin<\/span>                <\/div>\n            <\/div>\n            <div class=\"gs-rating\">\n                <span class=\"gs-big-number\" style=\"color: #000000\">4.5\/5<\/span>\n                <span class=\"gs-total-reviews\" style=\"color: #000000\">1368 reviews<\/span>\n            <\/div>\n            <div class=\"gs-stars\">\n                <div class=\"gs-stars\"><div class=\"gs-star-rating\"><span class=\"screen-reader-text\">4,5 rating based on 1.368 rating<\/span><div class=\"star star-full\" style=\"color:#da3768\" aria-hidden=\"true\"><\/div><div class=\"star star-full\" style=\"color:#da3768\" aria-hidden=\"true\"><\/div><div class=\"star star-full\" style=\"color:#da3768\" aria-hidden=\"true\"><\/div><div class=\"star star-full\" style=\"color:#da3768\" aria-hidden=\"true\"><\/div><div class=\"star star-half\" style=\"color:#da3768\" aria-hidden=\"true\"><\/div><\/div><\/div>            <\/div>\n                    <\/div>\n    <script type=\"application\/ld+json\">{\"@context\":\"http:\/\/schema.org\",\"@type\":\"LocalBusiness\",\"name\":\"HR Hotel & Spa Marin\",\"address\":{\"@type\":\"PostalAddress\"},\"aggregateRating\":{\"@type\":\"AggregateRating\",\"ratingValue\":9,\"reviewCount\":1368,\"bestRating\":10,\"worstRating\":0},\"review\":[{\"@type\":\"Review\",\"datePublished\":\"2025-05-14T06:00:53+02:00\",\"author\":{\"@type\":\"Person\",\"name\":\"Carine Bolle De Bal\"},\"reviewRating\":{\"@type\":\"Rating\",\"ratingValue\":\"9\",\"bestRating\":10,\"worstRating\":0},\"reviewBody\":\"Un petit s\\u00e9jour parfait, une bulle de confort avec un personnel au petit soin tr\\u00e8s professionnel et sympathique. \"},{\"@type\":\"Review\",\"datePublished\":\"2025-05-09T18:09:32+02:00\",\"author\":{\"@type\":\"Person\",\"name\":\"Sidonie FONMARTY\"},\"reviewRating\":{\"@type\":\"Rating\",\"ratingValue\":\"7\",\"bestRating\":10,\"worstRating\":0},\"reviewBody\":\"Cadre magnifique \"},{\"@type\":\"Review\",\"datePublished\":\"2025-05-07T18:09:52+02:00\",\"author\":{\"@type\":\"Person\",\"name\":\"FRANCK ROSATI\"},\"reviewRating\":{\"@type\":\"Rating\",\"ratingValue\":\"10\",\"bestRating\":10,\"worstRating\":0},\"reviewBody\":\"Accueil tr\\u00e8s chaleureux et personnel tr\\u00e8s a l\\u2019\\u00e9coute \"},{\"@type\":\"Review\",\"datePublished\":\"2025-04-24T14:49:32+02:00\",\"author\":{\"@type\":\"Person\",\"name\":\"guillaume VIGIER\"},\"reviewRating\":{\"@type\":\"Rating\",\"ratingValue\":\"10\",\"bestRating\":10,\"worstRating\":0},\"reviewBody\":\"Excellent accueil, \\u00e9tablissement tr\\u00e8s reposant tout \\u00e9tais au top. Je recommande fortement l'\\u00e9tablissement \"},{\"@type\":\"Review\",\"datePublished\":\"2025-04-22T12:40:01+02:00\",\"author\":{\"@type\":\"Person\",\"name\":\"Benedicte Cervelli\"},\"reviewRating\":{\"@type\":\"Rating\",\"ratingValue\":\"10\",\"bestRating\":10,\"worstRating\":0},\"reviewBody\":\"Tr\\u00e8s bel hotel\"},{\"@type\":\"Review\",\"datePublished\":\"2025-04-09T12:40:00+02:00\",\"author\":{\"@type\":\"Person\",\"name\":\"Thomas AUBIN\"},\"reviewRating\":{\"@type\":\"Rating\",\"ratingValue\":\"8\",\"bestRating\":10,\"worstRating\":0},\"reviewBody\":\"Agr\\u00e9able, chambre propre, spacieuse, repas de tr\\u00e8s bonne qualit\\u00e9\"},{\"@type\":\"Review\",\"datePublished\":\"2025-04-07T14:20:42+02:00\",\"author\":{\"@type\":\"Person\",\"name\":\"caroline perrin\"},\"reviewRating\":{\"@type\":\"Rating\",\"ratingValue\":\"10\",\"bestRating\":10,\"worstRating\":0},\"reviewBody\":\"Superbe \\u00e9tablissement \"},{\"@type\":\"Review\",\"datePublished\":\"2025-04-02T16:41:05+02:00\",\"author\":{\"@type\":\"Person\",\"name\":\"J\\u00e9r\\u00f4me VOUVET\"},\"reviewRating\":{\"@type\":\"Rating\",\"ratingValue\":\"10\",\"bestRating\":10,\"worstRating\":0},\"reviewBody\":\"Tr\\u00e8s bon accueil, chambre agr\\u00e9able et spa au top!!\"},{\"@type\":\"Review\",\"datePublished\":\"2025-03-31T15:56:32+02:00\",\"author\":{\"@type\":\"Person\",\"name\":\"CATHERINE MALLICK\"},\"reviewRating\":{\"@type\":\"Rating\",\"ratingValue\":\"6\",\"bestRating\":10,\"worstRating\":0},\"reviewBody\":\"Demi pension pas adapt\\u00e9e aux s\\u00e9jours de 3 nuits\"},{\"@type\":\"Review\",\"datePublished\":\"2025-03-28T16:13:34+01:00\",\"author\":{\"@type\":\"Person\",\"name\":\"Stephanie VINOT\"},\"reviewRating\":{\"@type\":\"Rating\",\"ratingValue\":\"10\",\"bestRating\":10,\"worstRating\":0},\"reviewBody\":\"J'y ai trouv\\u00e9 le confort que je cherchais. Et la localisation face \\u00e0 la mer est juste superbe.\"},{\"@type\":\"Review\",\"datePublished\":\"2025-03-26T14:45:10+01:00\",\"author\":{\"@type\":\"Person\",\"name\":\"Franck MALLET\"},\"reviewRating\":{\"@type\":\"Rating\",\"ratingValue\":\"9\",\"bestRating\":10,\"worstRating\":0},\"reviewBody\":\"Toujours un plaisir de s\\u00e9journer au HR. Une belle \\u00e9quipe dans un bel \\u00e9tablissement tr\\u00e8s bien situ\\u00e9.\"},{\"@type\":\"Review\",\"datePublished\":\"2025-03-24T09:16:36+01:00\",\"author\":{\"@type\":\"Person\",\"name\":\"Anastasia fievet\"},\"reviewRating\":{\"@type\":\"Rating\",\"ratingValue\":\"4\",\"bestRating\":10,\"worstRating\":0},\"reviewBody\":\"Restaurant et Acceuil R\\u00e9ception pas au niveau d'un 5 \\u00e9toiles vous avez certainement beaucoup de choses \\u00e0 am\\u00e9liorer ...\"},{\"@type\":\"Review\",\"datePublished\":\"2024-05-28T14:01:06+02:00\",\"author\":{\"@type\":\"Person\",\"name\":\"CORINNE\"},\"reviewRating\":{\"@type\":\"Rating\",\"ratingValue\":\"10\",\"bestRating\":10,\"worstRating\":0},\"reviewBody\":\"Tres bon accueil, chambres comfortable avec terrasse et excellente cuisine, bravo.\"},{\"@type\":\"Review\",\"datePublished\":\"2024-05-27T16:01:37+02:00\",\"author\":{\"@type\":\"Person\",\"name\":\"PHILIPPE\"},\"reviewRating\":{\"@type\":\"Rating\",\"ratingValue\":\"10\",\"bestRating\":10,\"worstRating\":0},\"reviewBody\":\"Tr\\u00e8s belle accueil personnel tr\\u00e8s agr\\u00e9able et chambre tr\\u00e8s confortable\"},{\"@type\":\"Review\",\"datePublished\":\"2024-05-27T08:22:57+02:00\",\"author\":{\"@type\":\"Person\",\"name\":\"Christine\"},\"reviewRating\":{\"@type\":\"Rating\",\"ratingValue\":\"8\",\"bestRating\":10,\"worstRating\":0},\"reviewBody\":\"bel \\u00e9tablissement dommage que le restaurant ne soit pas \\u00e0 la hauteur\"},{\"@type\":\"Review\",\"datePublished\":\"2024-05-27T08:22:57+02:00\",\"author\":{\"@type\":\"Person\",\"name\":\"Jean\"},\"reviewRating\":{\"@type\":\"Rating\",\"ratingValue\":\"9\",\"bestRating\":10,\"worstRating\":0},\"reviewBody\":\"tres bonnes prestations et gentilesse de tout le personnel nous sommes tres satisfait de notre sejour\"},{\"@type\":\"Review\",\"datePublished\":\"2024-05-24T19:01:04+02:00\",\"author\":{\"@type\":\"Person\",\"name\":\"Sophie\"},\"reviewRating\":{\"@type\":\"Rating\",\"ratingValue\":\"10\",\"bestRating\":10,\"worstRating\":0},\"reviewBody\":\"Tr\\u00e8s belle chambre. L\\u2019accueil, la disponibilit\\u00e9 et gentillesse du personnel \\u00e9taient au RV. J\\u2019ai pastun tr\\u00e8s bon s\\u00e9jour.\"},{\"@type\":\"Review\",\"datePublished\":\"2024-05-21T17:05:53+02:00\",\"author\":{\"@type\":\"Person\",\"name\":\"Nathalie\"},\"reviewRating\":{\"@type\":\"Rating\",\"ratingValue\":\"10\",\"bestRating\":10,\"worstRating\":0},\"reviewBody\":\"S\\u00e9jour exceptionnel,la qualit\\u00e9 ,l\\u2019accueil,le confort sont comme toujours au rendez vous .\"},{\"@type\":\"Review\",\"datePublished\":\"2024-05-20T15:02:28+02:00\",\"author\":{\"@type\":\"Person\",\"name\":\"Christophe\"},\"reviewRating\":{\"@type\":\"Rating\",\"ratingValue\":\"7\",\"bestRating\":10,\"worstRating\":0},\"reviewBody\":\"C\\u2019est la troisi\\u00e8me fois que nous venons, nous sentons une d\\u00e9gradation des prestations!\"},{\"@type\":\"Review\",\"datePublished\":\"2024-05-20T15:02:28+02:00\",\"author\":{\"@type\":\"Person\",\"name\":\"Valentin\"},\"reviewRating\":{\"@type\":\"Rating\",\"ratingValue\":\"9\",\"bestRating\":10,\"worstRating\":0},\"reviewBody\":\"Accueil, personnel, qualit\\u00e9 des prestations au top\"}]}<\/script>\n    \n    <div class=\"gs_ranking-wrapper\" style=\"background:#ffffff; border: 1px solid #a7b3ce; border-radius: 8px;\">\n        <div class=\"gs-ranking-container\">\n            <div class=\"gs-row\">\n                <div class=\"gs-col-md-12\">\n                    <div class=\"gs_rating-review-item\">\n                        <div class=\"gs-right-rating\">\n                            <ul class=\"order-list\">\n                                <li style=\"margin-left:0;\"><div class=\"gs-rating-row\"><div class=\"gs-star-value\"><span class=\"gs_ranking_label_rate\" style=\"color: #000000\">5<\/span><span style=\"color: #000000\"><\/span><span class=\"dashicons gs_dashicon_ranking_star dashicons-star-filled\" style=\"color: #da3768\"><\/span><\/div><div class=\"progress gs_progressbar\"><div class=\"gs-custom-progress-bar pbar-5 bg-success\" role=\"progressbar\"\n                    style=\"border-color:#da3768; width: 63%\" aria-valuenow=\"63\" aria-valuemin=\"0\"\n                    aria-valuemax=\"100\"><\/div><\/div><span class=\"gs-rating-hit\" style=\"color: #000000\">855 reviews<\/span><\/div><\/li><li style=\"margin-left:0;\"><div class=\"gs-rating-row\"><div class=\"gs-star-value\"><span class=\"gs_ranking_label_rate\" style=\"color: #000000\">4<\/span><span style=\"color: #000000\"><\/span><span class=\"dashicons gs_dashicon_ranking_star dashicons-star-filled\" style=\"color: #da3768\"><\/span><\/div><div class=\"progress gs_progressbar\"><div class=\"gs-custom-progress-bar pbar-4 bg-success\" role=\"progressbar\"\n                    style=\"border-color:#da3768; width: 32%\" aria-valuenow=\"32\" aria-valuemin=\"0\"\n                    aria-valuemax=\"100\"><\/div><\/div><span class=\"gs-rating-hit\" style=\"color: #000000\">439 reviews<\/span><\/div><\/li><li style=\"margin-left:0;\"><div class=\"gs-rating-row\"><div class=\"gs-star-value\"><span class=\"gs_ranking_label_rate\" style=\"color: #000000\">3<\/span><span style=\"color: #000000\"><\/span><span class=\"dashicons gs_dashicon_ranking_star dashicons-star-filled\" style=\"color: #da3768\"><\/span><\/div><div class=\"progress gs_progressbar\"><div class=\"gs-custom-progress-bar pbar-3 bg-success\" role=\"progressbar\"\n                    style=\"border-color:#da3768; width: 4%\" aria-valuenow=\"4\" aria-valuemin=\"0\"\n                    aria-valuemax=\"100\"><\/div><\/div><span class=\"gs-rating-hit\" style=\"color: #000000\">57 reviews<\/span><\/div><\/li><li style=\"margin-left:0;\"><div class=\"gs-rating-row\"><div class=\"gs-star-value\"><span class=\"gs_ranking_label_rate\" style=\"color: #000000\">2<\/span><span style=\"color: #000000\"><\/span><span class=\"dashicons gs_dashicon_ranking_star dashicons-star-filled\" style=\"color: #da3768\"><\/span><\/div><div class=\"progress gs_progressbar\"><div class=\"gs-custom-progress-bar pbar-2 bg-success\" role=\"progressbar\"\n                    style=\"border-color:#da3768; width: 1%\" aria-valuenow=\"1\" aria-valuemin=\"0\"\n                    aria-valuemax=\"100\"><\/div><\/div><span class=\"gs-rating-hit\" style=\"color: #000000\">14 reviews<\/span><\/div><\/li><li style=\"margin-left:0;\"><div class=\"gs-rating-row\"><div class=\"gs-star-value\"><span class=\"gs_ranking_label_rate\" style=\"color: #000000\">1<\/span><span style=\"color: #000000\"><\/span><span class=\"dashicons gs_dashicon_ranking_star dashicons-star-filled\" style=\"color: #da3768\"><\/span><\/div><div class=\"progress gs_progressbar\"><div class=\"gs-custom-progress-bar pbar-1 bg-success\" role=\"progressbar\"\n                    style=\"border-color:#da3768; width: 0%\" aria-valuenow=\"0\" aria-valuemin=\"0\"\n                    aria-valuemax=\"100\"><\/div><\/div><span class=\"gs-rating-hit\" style=\"color: #000000\">3 reviews<\/span><\/div><\/li><li style=\"margin-left:0;\"><div class=\"gs-rating-row\"><div class=\"gs-star-value\"><span class=\"gs_ranking_label_rate\" style=\"color: #000000\">0<\/span><span style=\"color: #000000\"><\/span><span class=\"dashicons gs_dashicon_ranking_star dashicons-star-filled\" style=\"color: #da3768\"><\/span><\/div><div class=\"progress gs_progressbar\"><div class=\"gs-custom-progress-bar pbar-0 bg-success\" role=\"progressbar\"\n                    style=\"border-color:transparent; width: 0%\" aria-valuenow=\"0\" aria-valuemin=\"0\"\n                    aria-valuemax=\"100\"><\/div><\/div><span class=\"gs-rating-hit\" style=\"color: #000000\">0 review<\/span><\/div><\/li>\n                            <\/ul>\n                        <\/div>\n                    <\/div>\n                <\/div>\n            <\/div>\n           \n            <div class=\"gs-row\" style=\"margin-top:30px;\">\n                <div class=\"gs-col-md-12\">\n                    <div class=\"gs-footer\">\n                        <a href=\"https:\/\/www.guest-suite.com\/\" target=\"_blank\" class=\"gs-footer-link\">\n                            <span style=\"color:#000000\">Powered by customer reviews solution\n                            <img decoding=\"async\" src=\"https:\/\/hotel-hr-spamarin.fr\/wp-content\/plugins\/guestapp\/assets\/images\/gs-logo.png\" alt=\"Guest Suite logo\" class=\"gs_badge_footer_logo\" \/>\n                            <\/span><div class=\"gs_clear\"><\/div>\n                        <\/a>\n                    <\/div>\n                    <div class=\"gs-afnor\">\n                        <p style=\"color:#000000\">All customer reviews for My establishment are managed by Guest Suite certified \u201cNF Review management service, for the collection service, moderation service and publication service\u201d by AFNOR Certification<\/p>\n                    <\/div>\n                <\/div>\n            <\/div>\n        \n        <\/div>\n    <\/div><\/div><div class=\"gs-crs-column gs-crs-column-70\"><div class=\"gs-crs-reviews\"><div class=\"gs_reviews_list_wrapper\"><ul id=\"gs-reviews-list\"><li class=\"gs-review-item\" style=\"margin-left:0; margin-top:0; background:#ffffff; border: 1px solid #a7b3ce; border-radius: 8px;\"><div class=\"gs-review-header\"><strong style=\"color:#000000\" class=\"gs-review-username\">Carine Bolle De Bal<\/strong><span style=\"color:#000000\" class=\"gs-review-date\">14 \/ 05 \/ 25<\/span><\/div><div class=\"gs-review-rating\"><span style=\"color:#da3768\" class=\"review-rate\"><div class=\"gs-stars\"><div class=\"gs-star-rating\"><span class=\"screen-reader-text\">4,5 rating based on 9 rating<\/span><div class=\"star star-full\" style=\"color:#da3768;\" aria-hidden=\"true\"><\/div><div class=\"star star-full\" style=\"color:#da3768;\" aria-hidden=\"true\"><\/div><div class=\"star star-full\" style=\"color:#da3768;\" aria-hidden=\"true\"><\/div><div class=\"star star-full\" style=\"color:#da3768;\" aria-hidden=\"true\"><\/div><div class=\"star star-half\" style=\"color:#da3768;\" aria-hidden=\"true\"><\/div><\/div><\/div><\/span><\/div><p class=\"gs-review-comment\"><span style=\"color:#000000\" class=\"short-comment\">Un petit s\u00e9jour parfait, une bulle de confort avec un personnel au petit soin tr\u00e8s professionnel et sympathique. <\/span><\/p><ul class=\"gs-review-responses\" style=\"display: none; border-left: 4px solid #da3768;\"><li style=\"color:#000000\">Ch\u00e8re madame Bolle de Bal,\n\nNous vous remercions d&#039;avoir pris le temps de partager votre exp\u00e9rience parfaite lors de votre s\u00e9jour. Nous sommes ravis que vous ayez appr\u00e9ci\u00e9 notre service attentionn\u00e9 et professionnel. Votre satisfaction est notre priorit\u00e9.\n\nNous serions ravis de vous accueillir de nouveau au HR H\u00f4tel &amp; Spa Marin \n\nBien cordialement,\n\nCaroline\nResponsable de l&#039;h\u00e9bergement<\/li><li style=\"color:#000000\">15\/05\/2025<\/li><\/ul><div class=\"gs-review-footer\"><div class=\"gs-review-buttons\"><a href=\"#\" class=\"gs-review-button toggle-responses\"><span class=\"dashicons dashicons-visibility\"><\/span> Show response<\/a><a href=\"https:\/\/widget.guest-suite.com\/reviews\/34066ee5-018d-41d3-909f-e9f74fd6e22c\/warn\" target=\"_blank\" class=\"gs-review-button signaler\"><span class=\"dashicons dashicons-flag\"><\/span> Report<\/a><\/div><span style=\"color:#000000\" class=\"gs-review-experience-date\">Experience date 14\/05\/25<br\/><i>HR Hotel &amp; Spa Marin<\/i><\/span><\/div><\/li><li class=\"gs-review-item\" style=\"margin-left:0; margin-top:0; background:#ffffff; border: 1px solid #a7b3ce; border-radius: 8px;\"><div class=\"gs-review-header\"><strong style=\"color:#000000\" class=\"gs-review-username\">Sidonie FONMARTY<\/strong><span style=\"color:#000000\" class=\"gs-review-date\">09 \/ 05 \/ 25<\/span><\/div><div class=\"gs-review-rating\"><span style=\"color:#da3768\" class=\"review-rate\"><div class=\"gs-stars\"><div class=\"gs-star-rating\"><span class=\"screen-reader-text\">3,5 rating based on 7 rating<\/span><div class=\"star star-full\" style=\"color:#da3768;\" aria-hidden=\"true\"><\/div><div class=\"star star-full\" style=\"color:#da3768;\" aria-hidden=\"true\"><\/div><div class=\"star star-full\" style=\"color:#da3768;\" aria-hidden=\"true\"><\/div><div class=\"star star-half\" style=\"color:#da3768;\" aria-hidden=\"true\"><\/div><div class=\"star star-empty\" style=\"color:#da3768;\" aria-hidden=\"true\"><\/div><\/div><\/div><\/span><\/div><p class=\"gs-review-comment\"><span style=\"color:#000000\" class=\"short-comment\">Cadre magnifique <\/span><\/p><ul class=\"gs-review-responses\" style=\"display: none; border-left: 4px solid #da3768;\"><li style=\"color:#000000\">Ch\u00e8re Madame, Cher Monsieur,\nNous vous remercions d&#039;avoir pris le temps de partager votre avis. Nous sommes ravis que vous ayez appr\u00e9ci\u00e9 notre cadre magnifique. Votre satisfaction est notre priorit\u00e9.\nNous esp\u00e9rons avoir le plaisir de vous accueillir \u00e0 nouveau prochainement.\nBien cordialement,\nL&#039;\u00e9quipe du HR H\u00f4tel***** &amp; Spa Marin<\/li><li style=\"color:#000000\">12\/05\/2025<\/li><\/ul><div class=\"gs-review-footer\"><div class=\"gs-review-buttons\"><a href=\"#\" class=\"gs-review-button toggle-responses\"><span class=\"dashicons dashicons-visibility\"><\/span> Show response<\/a><a href=\"https:\/\/widget.guest-suite.com\/reviews\/fd10b896-6091-45d0-ae17-a5a3a8aac424\/warn\" target=\"_blank\" class=\"gs-review-button signaler\"><span class=\"dashicons dashicons-flag\"><\/span> Report<\/a><\/div><span style=\"color:#000000\" class=\"gs-review-experience-date\">Experience date 09\/05\/25<br\/><i>HR Hotel &amp; Spa Marin<\/i><\/span><\/div><\/li><li class=\"gs-review-item\" style=\"margin-left:0; margin-top:0; background:#ffffff; border: 1px solid #a7b3ce; border-radius: 8px;\"><div class=\"gs-review-header\"><strong style=\"color:#000000\" class=\"gs-review-username\">FRANCK ROSATI<\/strong><span style=\"color:#000000\" class=\"gs-review-date\">07 \/ 05 \/ 25<\/span><\/div><div class=\"gs-review-rating\"><span style=\"color:#da3768\" class=\"review-rate\"><div class=\"gs-stars\"><div class=\"gs-star-rating\"><span class=\"screen-reader-text\">5,0 rating based on 10 rating<\/span><div class=\"star star-full\" style=\"color:#da3768;\" aria-hidden=\"true\"><\/div><div class=\"star star-full\" style=\"color:#da3768;\" aria-hidden=\"true\"><\/div><div class=\"star star-full\" style=\"color:#da3768;\" aria-hidden=\"true\"><\/div><div class=\"star star-full\" style=\"color:#da3768;\" aria-hidden=\"true\"><\/div><div class=\"star star-full\" style=\"color:#da3768;\" aria-hidden=\"true\"><\/div><\/div><\/div><\/span><\/div><p class=\"gs-review-comment\"><span style=\"color:#000000\" class=\"short-comment\">Accueil tr\u00e8s chaleureux et personnel tr\u00e8s a l\u2019\u00e9coute <\/span><\/p><ul class=\"gs-review-responses\" style=\"display: none; border-left: 4px solid #da3768;\"><li style=\"color:#000000\">Cher Monsieur Rosati,\nNous vous remercions pour votre retour positif suite \u00e0 votre s\u00e9jour parmi nous. Nous sommes ravis de lire que vous avez appr\u00e9ci\u00e9 notre accueil chaleureux et l&#039;attention port\u00e9e par notre personnel. Votre satisfaction est notre priorit\u00e9.\nEn l&#039;espoir de vous accueillir \u00e0 nouveau tr\u00e8s prochainement.\nBien cordialement,\nL&#039;\u00e9quipe du HR H\u00f4tel***** &amp; Spa Marin<\/li><li style=\"color:#000000\">09\/05\/2025<\/li><\/ul><div class=\"gs-review-footer\"><div class=\"gs-review-buttons\"><a href=\"#\" class=\"gs-review-button toggle-responses\"><span class=\"dashicons dashicons-visibility\"><\/span> Show response<\/a><a href=\"https:\/\/widget.guest-suite.com\/reviews\/375efdd2-211f-4eed-b8a8-aca4c73883c0\/warn\" target=\"_blank\" class=\"gs-review-button signaler\"><span class=\"dashicons dashicons-flag\"><\/span> Report<\/a><\/div><span style=\"color:#000000\" class=\"gs-review-experience-date\">Experience date 04\/05\/25<br\/><i>HR Hotel &amp; Spa Marin<\/i><\/span><\/div><\/li><\/ul><\/div><div class=\"gs-reviews-pagination\"><span class=\"current\" style=\"background:#da3768\">1<\/span><a href=\"#\" class=\"gs-reviews-page-link\" data-page=\"2\">2<\/a><a href=\"#\" class=\"gs-reviews-page-link\" data-page=\"3\">3<\/a><a href=\"#\" class=\"gs-reviews-page-link\" data-page=\"456\">Last &raquo;<\/a><\/div><\/div><\/div><\/div>\n\n\n\n<div style=\"height:100px\" aria-hidden=\"true\" class=\"wp-block-spacer gt-hide-mobile\"><\/div>\n<\/div>\n","protected":false},"excerpt":{"rendered":"<p>Die Meinungen unserer Kunden<\/p>\n","protected":false},"author":1,"featured_media":89933,"parent":0,"menu_order":0,"comment_status":"closed","ping_status":"closed","template":"","meta":{"_acf_changed":false,"_seopress_robots_primary_cat":"","_seopress_titles_title":"Sehen Sie sich die Meinungen unserer zufriedenen Kunden an.","_seopress_titles_desc":"Erkunden Sie die authentischen Kundenbewertungen, um einen Eindruck von der au\u00dfergew\u00f6hnlichen Erfahrung zu erhalten, die wir bieten. Zufriedenheit garantiert! ","_seopress_robots_index":"","inline_featured_image":false,"gt_fse_maillage_image":"https:\/\/hotel-hr-spamarin.fr\/wp-content\/uploads\/sites\/5\/2025\/02\/famille-sur-la-plage-a-lile-de-re.webp","gt_fse_maillage_titre":"Automatischer Entwurf","gt_fse_maillage_alt":"Kundenmeinungen","gt_fse_maillage_resume":"","footnotes":""},"categories":[],"tags":[],"class_list":["post-90216","page","type-page","status-publish","has-post-thumbnail"],"acf":[],"_links":{"self":[{"href":"https:\/\/hotel-hr-spamarin.fr\/de\/wp-json\/wp\/v2\/pages\/90216","targetHints":{"allow":["GET"]}}],"collection":[{"href":"https:\/\/hotel-hr-spamarin.fr\/de\/wp-json\/wp\/v2\/pages"}],"about":[{"href":"https:\/\/hotel-hr-spamarin.fr\/de\/wp-json\/wp\/v2\/types\/page"}],"author":[{"embeddable":true,"href":"https:\/\/hotel-hr-spamarin.fr\/de\/wp-json\/wp\/v2\/users\/1"}],"replies":[{"embeddable":true,"href":"https:\/\/hotel-hr-spamarin.fr\/de\/wp-json\/wp\/v2\/comments?post=90216"}],"version-history":[{"count":6,"href":"https:\/\/hotel-hr-spamarin.fr\/de\/wp-json\/wp\/v2\/pages\/90216\/revisions"}],"predecessor-version":[{"id":93619,"href":"https:\/\/hotel-hr-spamarin.fr\/de\/wp-json\/wp\/v2\/pages\/90216\/revisions\/93619"}],"wp:featuredmedia":[{"embeddable":true,"href":"https:\/\/hotel-hr-spamarin.fr\/de\/wp-json\/wp\/v2\/media\/89933"}],"wp:attachment":[{"href":"https:\/\/hotel-hr-spamarin.fr\/de\/wp-json\/wp\/v2\/media?parent=90216"}],"wp:term":[{"taxonomy":"category","embeddable":true,"href":"https:\/\/hotel-hr-spamarin.fr\/de\/wp-json\/wp\/v2\/categories?post=90216"},{"taxonomy":"post_tag","embeddable":true,"href":"https:\/\/hotel-hr-spamarin.fr\/de\/wp-json\/wp\/v2\/tags?post=90216"}],"curies":[{"name":"wp","href":"https:\/\/api.w.org\/{rel}","templated":true}]}}