{"id":94842,"date":"2026-04-16T16:15:43","date_gmt":"2026-04-16T14:15:43","guid":{"rendered":"https:\/\/hotel-hr-spamarin.fr\/blog\/"},"modified":"2026-04-16T16:27:58","modified_gmt":"2026-04-16T14:27:58","slug":"blog","status":"publish","type":"page","link":"https:\/\/hotel-hr-spamarin.fr\/de\/blog\/","title":{"rendered":"Blog"},"content":{"rendered":"\n<h2 class=\"wp-block-heading\">Neueste Artikel<\/h2>\n<ul class=\"wp-block-latest-posts__list wp-block-latest-posts\"><li><div class=\"wp-block-latest-posts__featured-image aligncenter\"><a href=\"https:\/\/hotel-hr-spamarin.fr\/de\/seminare\/comment-choisir-son-lieu-de-seminaire-residentiel-les-8-criteres-qui-changent-tout\/\" aria-label=\"Wie w\u00e4hlt man den richtigen Ort f\u00fcr ein Wohnseminar? Die 8 entscheidenden Kriterien\"><img decoding=\"async\" width=\"1024\" height=\"683\" src=\"https:\/\/hotel-hr-spamarin.fr\/wp-content\/uploads\/sites\/5\/2026\/03\/velo-ile-de-re-1024x683.jpeg\" class=\"attachment-large size-large not-transparent wp-post-image\" alt=\"\" style=\"--dominant-color: #7597ae;\" srcset=\"https:\/\/hotel-hr-spamarin.fr\/wp-content\/uploads\/sites\/5\/2026\/03\/velo-ile-de-re-1024x683.jpeg 1024w, https:\/\/hotel-hr-spamarin.fr\/wp-content\/uploads\/sites\/5\/2026\/03\/velo-ile-de-re-300x200.jpeg 300w, https:\/\/hotel-hr-spamarin.fr\/wp-content\/uploads\/sites\/5\/2026\/03\/velo-ile-de-re-768x513.jpeg 768w, https:\/\/hotel-hr-spamarin.fr\/wp-content\/uploads\/sites\/5\/2026\/03\/velo-ile-de-re-1536x1025.jpeg 1536w, https:\/\/hotel-hr-spamarin.fr\/wp-content\/uploads\/sites\/5\/2026\/03\/velo-ile-de-re-2048x1367.jpeg 2048w\" sizes=\"(max-width: 1024px) 100vw, 1024px\" data-has-transparency=\"false\" data-dominant-color=\"7597ae\" \/><\/a><\/div><a class=\"wp-block-latest-posts__post-title\" href=\"https:\/\/hotel-hr-spamarin.fr\/de\/seminare\/comment-choisir-son-lieu-de-seminaire-residentiel-les-8-criteres-qui-changent-tout\/\">Wie w\u00e4hlt man den richtigen Ort f\u00fcr ein Wohnseminar? Die 8 entscheidenden Kriterien<\/a><\/li>\n<li><div class=\"wp-block-latest-posts__featured-image aligncenter\"><a href=\"https:\/\/hotel-hr-spamarin.fr\/de\/seminare\/seminaire-bien-etre-pourquoi-integrer-le-spa-dans-votre-programme-dentreprise\/\" aria-label=\"Wellness-Seminar: Warum Sie Spa und Thalasso in Ihr Firmenprogramm aufnehmen sollten\"><img decoding=\"async\" width=\"1024\" height=\"681\" src=\"https:\/\/hotel-hr-spamarin.fr\/wp-content\/uploads\/sites\/5\/2025\/05\/thalasso-hotel-hr-spa-marin-de-lile-de-re-1024x681.webp\" class=\"attachment-large size-large not-transparent wp-post-image\" alt=\"thalasso hotel hr &amp; spa marin de l&#039;\u00eele de r\u00e9\" style=\"--dominant-color: #8a8874;\" srcset=\"https:\/\/hotel-hr-spamarin.fr\/wp-content\/uploads\/sites\/5\/2025\/05\/thalasso-hotel-hr-spa-marin-de-lile-de-re-1024x681.webp 1024w, https:\/\/hotel-hr-spamarin.fr\/wp-content\/uploads\/sites\/5\/2025\/05\/thalasso-hotel-hr-spa-marin-de-lile-de-re-300x200.webp 300w, https:\/\/hotel-hr-spamarin.fr\/wp-content\/uploads\/sites\/5\/2025\/05\/thalasso-hotel-hr-spa-marin-de-lile-de-re-768x511.webp 768w, https:\/\/hotel-hr-spamarin.fr\/wp-content\/uploads\/sites\/5\/2025\/05\/thalasso-hotel-hr-spa-marin-de-lile-de-re-1536x1021.webp 1536w, https:\/\/hotel-hr-spamarin.fr\/wp-content\/uploads\/sites\/5\/2025\/05\/thalasso-hotel-hr-spa-marin-de-lile-de-re.webp 2030w\" sizes=\"(max-width: 1024px) 100vw, 1024px\" data-has-transparency=\"false\" data-dominant-color=\"8a8874\" \/><\/a><\/div><a class=\"wp-block-latest-posts__post-title\" href=\"https:\/\/hotel-hr-spamarin.fr\/de\/seminare\/seminaire-bien-etre-pourquoi-integrer-le-spa-dans-votre-programme-dentreprise\/\">Wellness-Seminar: Warum Sie Spa und Thalasso in Ihr Firmenprogramm aufnehmen sollten<\/a><\/li>\n<li><div class=\"wp-block-latest-posts__featured-image aligncenter\"><a href=\"https:\/\/hotel-hr-spamarin.fr\/de\/seminare\/5-raisons-dorganiser-votre-prochain-offsite-hors-de-paris-sur-lile-de-re\/\" aria-label=\"5 Gr\u00fcnde, warum Sie Ihren n\u00e4chsten Offsite au\u00dferhalb von Paris auf der \u00cele de R\u00e9 organisieren sollten\"><img decoding=\"async\" width=\"1024\" height=\"683\" src=\"https:\/\/hotel-hr-spamarin.fr\/wp-content\/uploads\/sites\/5\/2026\/03\/velo-ile-de-re-1024x683.jpeg\" class=\"attachment-large size-large not-transparent wp-post-image\" alt=\"\" style=\"--dominant-color: #7597ae;\" srcset=\"https:\/\/hotel-hr-spamarin.fr\/wp-content\/uploads\/sites\/5\/2026\/03\/velo-ile-de-re-1024x683.jpeg 1024w, https:\/\/hotel-hr-spamarin.fr\/wp-content\/uploads\/sites\/5\/2026\/03\/velo-ile-de-re-300x200.jpeg 300w, https:\/\/hotel-hr-spamarin.fr\/wp-content\/uploads\/sites\/5\/2026\/03\/velo-ile-de-re-768x513.jpeg 768w, https:\/\/hotel-hr-spamarin.fr\/wp-content\/uploads\/sites\/5\/2026\/03\/velo-ile-de-re-1536x1025.jpeg 1536w, https:\/\/hotel-hr-spamarin.fr\/wp-content\/uploads\/sites\/5\/2026\/03\/velo-ile-de-re-2048x1367.jpeg 2048w\" sizes=\"(max-width: 1024px) 100vw, 1024px\" data-has-transparency=\"false\" data-dominant-color=\"7597ae\" \/><\/a><\/div><a class=\"wp-block-latest-posts__post-title\" href=\"https:\/\/hotel-hr-spamarin.fr\/de\/seminare\/5-raisons-dorganiser-votre-prochain-offsite-hors-de-paris-sur-lile-de-re\/\">5 Gr\u00fcnde, warum Sie Ihren n\u00e4chsten Offsite au\u00dferhalb von Paris auf der \u00cele de R\u00e9 organisieren sollten<\/a><\/li>\n<li><div class=\"wp-block-latest-posts__featured-image aligncenter\"><a href=\"https:\/\/hotel-hr-spamarin.fr\/de\/seminare\/team-building-sur-lile-de-re\/\" aria-label=\"Teambuilding auf der \u00cele de R\u00e9: Organisation eines Premium-Firmenseminars zwischen Meer, Spa und Gastronomie\"><img decoding=\"async\" width=\"1024\" height=\"683\" src=\"https:\/\/hotel-hr-spamarin.fr\/wp-content\/uploads\/sites\/5\/2025\/01\/seminaires-hrspa-1024x683.webp\" class=\"attachment-large size-large not-transparent wp-post-image\" alt=\"hr&amp;spa-Seminare\" style=\"--dominant-color: #776860;\" srcset=\"https:\/\/hotel-hr-spamarin.fr\/wp-content\/uploads\/sites\/5\/2025\/01\/seminaires-hrspa-1024x683.webp 1024w, https:\/\/hotel-hr-spamarin.fr\/wp-content\/uploads\/sites\/5\/2025\/01\/seminaires-hrspa-300x200.webp 300w, https:\/\/hotel-hr-spamarin.fr\/wp-content\/uploads\/sites\/5\/2025\/01\/seminaires-hrspa-768x512.webp 768w, https:\/\/hotel-hr-spamarin.fr\/wp-content\/uploads\/sites\/5\/2025\/01\/seminaires-hrspa-1536x1025.webp 1536w, https:\/\/hotel-hr-spamarin.fr\/wp-content\/uploads\/sites\/5\/2025\/01\/seminaires-hrspa.webp 2024w\" sizes=\"(max-width: 1024px) 100vw, 1024px\" data-has-transparency=\"false\" data-dominant-color=\"776860\" \/><\/a><\/div><a class=\"wp-block-latest-posts__post-title\" href=\"https:\/\/hotel-hr-spamarin.fr\/de\/seminare\/team-building-sur-lile-de-re\/\">Teambuilding auf der \u00cele de R\u00e9: Organisation eines Premium-Firmenseminars zwischen Meer, Spa und Gastronomie<\/a><\/li>\n<li><div class=\"wp-block-latest-posts__featured-image aligncenter\"><a href=\"https:\/\/hotel-hr-spamarin.fr\/de\/aufenthalte-ile-de-re\/sejour-en-hotel-spa-marin-que-comprend-une-nuitee-dans-un-etablissement-5-etoiles\/\" aria-label=\"Aufenthalt in einem Marine Spa Hotel: Was beinhaltet eine \u00dcbernachtung in einem 5-Sterne-Hotel?\"><img decoding=\"async\" width=\"1024\" height=\"681\" src=\"https:\/\/hotel-hr-spamarin.fr\/wp-content\/uploads\/sites\/5\/2025\/05\/thalasso-hotel-hr-spa-marin-de-lile-de-re-1024x681.webp\" class=\"attachment-large size-large not-transparent wp-post-image\" alt=\"thalasso hotel hr &amp; spa marin de l&#039;\u00eele de r\u00e9\" style=\"--dominant-color: #8a8874;\" srcset=\"https:\/\/hotel-hr-spamarin.fr\/wp-content\/uploads\/sites\/5\/2025\/05\/thalasso-hotel-hr-spa-marin-de-lile-de-re-1024x681.webp 1024w, https:\/\/hotel-hr-spamarin.fr\/wp-content\/uploads\/sites\/5\/2025\/05\/thalasso-hotel-hr-spa-marin-de-lile-de-re-300x200.webp 300w, https:\/\/hotel-hr-spamarin.fr\/wp-content\/uploads\/sites\/5\/2025\/05\/thalasso-hotel-hr-spa-marin-de-lile-de-re-768x511.webp 768w, https:\/\/hotel-hr-spamarin.fr\/wp-content\/uploads\/sites\/5\/2025\/05\/thalasso-hotel-hr-spa-marin-de-lile-de-re-1536x1021.webp 1536w, https:\/\/hotel-hr-spamarin.fr\/wp-content\/uploads\/sites\/5\/2025\/05\/thalasso-hotel-hr-spa-marin-de-lile-de-re.webp 2030w\" sizes=\"(max-width: 1024px) 100vw, 1024px\" data-has-transparency=\"false\" data-dominant-color=\"8a8874\" \/><\/a><\/div><a class=\"wp-block-latest-posts__post-title\" href=\"https:\/\/hotel-hr-spamarin.fr\/de\/aufenthalte-ile-de-re\/sejour-en-hotel-spa-marin-que-comprend-une-nuitee-dans-un-etablissement-5-etoiles\/\">Aufenthalt in einem Marine Spa Hotel: Was beinhaltet eine \u00dcbernachtung in einem 5-Sterne-Hotel?<\/a><\/li>\n<li><div class=\"wp-block-latest-posts__featured-image aligncenter\"><a href=\"https:\/\/hotel-hr-spamarin.fr\/de\/aufenthalte-ile-de-re\/que-faire-ile-de-re-en-couple-itineraire-romantique-de-3-jours\/\" aria-label=\"Was kann man als Paar AUF der \u00cele de R\u00e9 unternehmen: Romantische 3-Tages-Route\"><img decoding=\"async\" width=\"1024\" height=\"682\" src=\"https:\/\/hotel-hr-spamarin.fr\/wp-content\/uploads\/sites\/5\/2025\/02\/2024.09.15-\u2764\ufe0f-ile-de-re-sunset-plage-des-gollandieres-7403668-1024x682.jpg\" class=\"attachment-large size-large not-transparent wp-post-image\" alt=\"2024.09.15 \u2764\ufe0f ile de r\u00e9 sunset plage des gollandi\u00e8res 7403668\" style=\"--dominant-color: #979692;\" srcset=\"https:\/\/hotel-hr-spamarin.fr\/wp-content\/uploads\/sites\/5\/2025\/02\/2024.09.15-\u2764\ufe0f-ile-de-re-sunset-plage-des-gollandieres-7403668-1024x682.jpg 1024w, https:\/\/hotel-hr-spamarin.fr\/wp-content\/uploads\/sites\/5\/2025\/02\/2024.09.15-\u2764\ufe0f-ile-de-re-sunset-plage-des-gollandieres-7403668-300x200.jpg 300w, https:\/\/hotel-hr-spamarin.fr\/wp-content\/uploads\/sites\/5\/2025\/02\/2024.09.15-\u2764\ufe0f-ile-de-re-sunset-plage-des-gollandieres-7403668-768x512.jpg 768w, https:\/\/hotel-hr-spamarin.fr\/wp-content\/uploads\/sites\/5\/2025\/02\/2024.09.15-\u2764\ufe0f-ile-de-re-sunset-plage-des-gollandieres-7403668-1536x1024.jpg 1536w, https:\/\/hotel-hr-spamarin.fr\/wp-content\/uploads\/sites\/5\/2025\/02\/2024.09.15-\u2764\ufe0f-ile-de-re-sunset-plage-des-gollandieres-7403668.jpg 2000w\" sizes=\"(max-width: 1024px) 100vw, 1024px\" data-has-transparency=\"false\" data-dominant-color=\"979692\" \/><\/a><\/div><a class=\"wp-block-latest-posts__post-title\" href=\"https:\/\/hotel-hr-spamarin.fr\/de\/aufenthalte-ile-de-re\/que-faire-ile-de-re-en-couple-itineraire-romantique-de-3-jours\/\">Was kann man als Paar AUF der \u00cele de R\u00e9 unternehmen: Romantische 3-Tages-Route<\/a><\/li>\n<li><div class=\"wp-block-latest-posts__featured-image aligncenter\"><a href=\"https:\/\/hotel-hr-spamarin.fr\/de\/seminare\/seminaire-guide-pratique-pour-organiser-votre-evenement-entreprise\/\" aria-label=\"Residential Seminar \u00cele de R\u00e9: Der praktische Leitfaden f\u00fcr die Organisation Ihres Firmenevents\"><img decoding=\"async\" width=\"1024\" height=\"682\" src=\"https:\/\/hotel-hr-spamarin.fr\/wp-content\/uploads\/sites\/5\/2025\/02\/2024.09.15-\u2764\ufe0f-ile-de-re-sunset-plage-des-gollandieres-7403885-1024x682.jpg\" class=\"attachment-large size-large not-transparent wp-post-image\" alt=\"2024.09.15 \u2764\ufe0f ile de r\u00e9 sunset plage des gollandi\u00e8res 7403885\" style=\"--dominant-color: #887174;\" srcset=\"https:\/\/hotel-hr-spamarin.fr\/wp-content\/uploads\/sites\/5\/2025\/02\/2024.09.15-\u2764\ufe0f-ile-de-re-sunset-plage-des-gollandieres-7403885-1024x682.jpg 1024w, https:\/\/hotel-hr-spamarin.fr\/wp-content\/uploads\/sites\/5\/2025\/02\/2024.09.15-\u2764\ufe0f-ile-de-re-sunset-plage-des-gollandieres-7403885-300x200.jpg 300w, https:\/\/hotel-hr-spamarin.fr\/wp-content\/uploads\/sites\/5\/2025\/02\/2024.09.15-\u2764\ufe0f-ile-de-re-sunset-plage-des-gollandieres-7403885-768x512.jpg 768w, https:\/\/hotel-hr-spamarin.fr\/wp-content\/uploads\/sites\/5\/2025\/02\/2024.09.15-\u2764\ufe0f-ile-de-re-sunset-plage-des-gollandieres-7403885-1536x1024.jpg 1536w, https:\/\/hotel-hr-spamarin.fr\/wp-content\/uploads\/sites\/5\/2025\/02\/2024.09.15-\u2764\ufe0f-ile-de-re-sunset-plage-des-gollandieres-7403885.jpg 2000w\" sizes=\"(max-width: 1024px) 100vw, 1024px\" data-has-transparency=\"false\" data-dominant-color=\"887174\" \/><\/a><\/div><a class=\"wp-block-latest-posts__post-title\" href=\"https:\/\/hotel-hr-spamarin.fr\/de\/seminare\/seminaire-guide-pratique-pour-organiser-votre-evenement-entreprise\/\">Residential Seminar \u00cele de R\u00e9: Der praktische Leitfaden f\u00fcr die Organisation Ihres Firmenevents<\/a><\/li>\n<li><div class=\"wp-block-latest-posts__featured-image aligncenter\"><a href=\"https:\/\/hotel-hr-spamarin.fr\/de\/presseberichte\/hr-hotel-spa-marin-a-lhonneur-dans-le-parisien-week-end\/\" aria-label=\"HR H\u00f4tel &amp; Spa Marin auf Le Parisien Week-End\"><img decoding=\"async\" width=\"1024\" height=\"683\" src=\"https:\/\/hotel-hr-spamarin.fr\/wp-content\/uploads\/sites\/5\/2025\/05\/soins-et-relaxation-hotel-hr-spa-marin-de-lile-de-re-1024x683.webp\" class=\"attachment-large size-large not-transparent wp-post-image\" alt=\"pflege und entspannung hotel hr &amp; spa marin de l&#039;\u00eele de r\u00e9\" style=\"--dominant-color: #573931;\" srcset=\"https:\/\/hotel-hr-spamarin.fr\/wp-content\/uploads\/sites\/5\/2025\/05\/soins-et-relaxation-hotel-hr-spa-marin-de-lile-de-re-1024x683.webp 1024w, https:\/\/hotel-hr-spamarin.fr\/wp-content\/uploads\/sites\/5\/2025\/05\/soins-et-relaxation-hotel-hr-spa-marin-de-lile-de-re-300x200.webp 300w, https:\/\/hotel-hr-spamarin.fr\/wp-content\/uploads\/sites\/5\/2025\/05\/soins-et-relaxation-hotel-hr-spa-marin-de-lile-de-re-768x512.webp 768w, https:\/\/hotel-hr-spamarin.fr\/wp-content\/uploads\/sites\/5\/2025\/05\/soins-et-relaxation-hotel-hr-spa-marin-de-lile-de-re-1536x1025.webp 1536w, https:\/\/hotel-hr-spamarin.fr\/wp-content\/uploads\/sites\/5\/2025\/05\/soins-et-relaxation-hotel-hr-spa-marin-de-lile-de-re.webp 2024w\" sizes=\"(max-width: 1024px) 100vw, 1024px\" data-has-transparency=\"false\" data-dominant-color=\"573931\" \/><\/a><\/div><a class=\"wp-block-latest-posts__post-title\" href=\"https:\/\/hotel-hr-spamarin.fr\/de\/presseberichte\/hr-hotel-spa-marin-a-lhonneur-dans-le-parisien-week-end\/\">HR H\u00f4tel &amp; Spa Marin auf Le Parisien Week-End<\/a><\/li>\n<li><div class=\"wp-block-latest-posts__featured-image aligncenter\"><a href=\"https:\/\/hotel-hr-spamarin.fr\/de\/presseberichte\/hr-hotel-spa-marin-a-lile-de-re-a-lhonneur-dans-sud-ouest-week-end-une-destination-bien-etre-incontournable\/\" aria-label=\"HR Hotel &amp; Spa Marin in Sud Ouest Week-End\"><img decoding=\"async\" width=\"1024\" height=\"681\" src=\"https:\/\/hotel-hr-spamarin.fr\/wp-content\/uploads\/sites\/5\/2025\/05\/thalasso-hotel-hr-spa-marin-de-lile-de-re-1024x681.webp\" class=\"attachment-large size-large not-transparent wp-post-image\" alt=\"thalasso hotel hr &amp; spa marin de l&#039;\u00eele de r\u00e9\" style=\"--dominant-color: #8a8874;\" srcset=\"https:\/\/hotel-hr-spamarin.fr\/wp-content\/uploads\/sites\/5\/2025\/05\/thalasso-hotel-hr-spa-marin-de-lile-de-re-1024x681.webp 1024w, https:\/\/hotel-hr-spamarin.fr\/wp-content\/uploads\/sites\/5\/2025\/05\/thalasso-hotel-hr-spa-marin-de-lile-de-re-300x200.webp 300w, https:\/\/hotel-hr-spamarin.fr\/wp-content\/uploads\/sites\/5\/2025\/05\/thalasso-hotel-hr-spa-marin-de-lile-de-re-768x511.webp 768w, https:\/\/hotel-hr-spamarin.fr\/wp-content\/uploads\/sites\/5\/2025\/05\/thalasso-hotel-hr-spa-marin-de-lile-de-re-1536x1021.webp 1536w, https:\/\/hotel-hr-spamarin.fr\/wp-content\/uploads\/sites\/5\/2025\/05\/thalasso-hotel-hr-spa-marin-de-lile-de-re.webp 2030w\" sizes=\"(max-width: 1024px) 100vw, 1024px\" data-has-transparency=\"false\" data-dominant-color=\"8a8874\" \/><\/a><\/div><a class=\"wp-block-latest-posts__post-title\" href=\"https:\/\/hotel-hr-spamarin.fr\/de\/presseberichte\/hr-hotel-spa-marin-a-lile-de-re-a-lhonneur-dans-sud-ouest-week-end-une-destination-bien-etre-incontournable\/\">HR Hotel &amp; Spa Marin in Sud Ouest Week-End<\/a><\/li>\n<li><div class=\"wp-block-latest-posts__featured-image aligncenter\"><a href=\"https:\/\/hotel-hr-spamarin.fr\/de\/presseberichte\/hr-hotel-spa-marin-selectionne-par-home-magazine-un-spa-marin-dexception-sur-latlantique\/\" aria-label=\"HR Hotel &amp; Spa Marin auf Home Magazine\"><img decoding=\"async\" width=\"1024\" height=\"683\" src=\"https:\/\/hotel-hr-spamarin.fr\/wp-content\/uploads\/sites\/5\/2025\/02\/hotel-hr-spa-marin3-1024x683.webp\" class=\"attachment-large size-large not-transparent wp-post-image\" alt=\"hotel hr spa marin3\" style=\"--dominant-color: #9aa19c;\" srcset=\"https:\/\/hotel-hr-spamarin.fr\/wp-content\/uploads\/sites\/5\/2025\/02\/hotel-hr-spa-marin3-1024x683.webp 1024w, https:\/\/hotel-hr-spamarin.fr\/wp-content\/uploads\/sites\/5\/2025\/02\/hotel-hr-spa-marin3-300x200.webp 300w, https:\/\/hotel-hr-spamarin.fr\/wp-content\/uploads\/sites\/5\/2025\/02\/hotel-hr-spa-marin3-768x512.webp 768w, https:\/\/hotel-hr-spamarin.fr\/wp-content\/uploads\/sites\/5\/2025\/02\/hotel-hr-spa-marin3-1536x1025.webp 1536w, https:\/\/hotel-hr-spamarin.fr\/wp-content\/uploads\/sites\/5\/2025\/02\/hotel-hr-spa-marin3-2048x1366.webp 2048w\" sizes=\"(max-width: 1024px) 100vw, 1024px\" data-has-transparency=\"false\" data-dominant-color=\"9aa19c\" \/><\/a><\/div><a class=\"wp-block-latest-posts__post-title\" href=\"https:\/\/hotel-hr-spamarin.fr\/de\/presseberichte\/hr-hotel-spa-marin-selectionne-par-home-magazine-un-spa-marin-dexception-sur-latlantique\/\">HR Hotel &amp; Spa Marin auf Home Magazine<\/a><\/li>\n<li><div class=\"wp-block-latest-posts__featured-image aligncenter\"><a href=\"https:\/\/hotel-hr-spamarin.fr\/de\/nachrichten\/sejour-bien-etre-ile-de-re\/\" aria-label=\"F\u00fcnf Gr\u00fcnde, sich f\u00fcr einen Wellnessurlaub im Hotel HR &amp; Spa Marin zu entscheiden.\"><img decoding=\"async\" width=\"1024\" height=\"686\" src=\"https:\/\/hotel-hr-spamarin.fr\/wp-content\/uploads\/sites\/5\/2025\/02\/soins-spa-hr-e1738587463479-1024x686.webp\" class=\"attachment-large size-large not-transparent wp-post-image\" alt=\"hr Spa-Behandlungen\" style=\"--dominant-color: #887e6d;\" srcset=\"https:\/\/hotel-hr-spamarin.fr\/wp-content\/uploads\/sites\/5\/2025\/02\/soins-spa-hr-e1738587463479-1024x686.webp 1024w, https:\/\/hotel-hr-spamarin.fr\/wp-content\/uploads\/sites\/5\/2025\/02\/soins-spa-hr-e1738587463479-300x201.webp 300w, https:\/\/hotel-hr-spamarin.fr\/wp-content\/uploads\/sites\/5\/2025\/02\/soins-spa-hr-e1738587463479-768x515.webp 768w, https:\/\/hotel-hr-spamarin.fr\/wp-content\/uploads\/sites\/5\/2025\/02\/soins-spa-hr-e1738587463479-1536x1029.webp 1536w, https:\/\/hotel-hr-spamarin.fr\/wp-content\/uploads\/sites\/5\/2025\/02\/soins-spa-hr-e1738587463479.webp 2000w\" sizes=\"(max-width: 1024px) 100vw, 1024px\" data-has-transparency=\"false\" data-dominant-color=\"887e6d\" \/><\/a><\/div><a class=\"wp-block-latest-posts__post-title\" href=\"https:\/\/hotel-hr-spamarin.fr\/de\/nachrichten\/sejour-bien-etre-ile-de-re\/\">F\u00fcnf Gr\u00fcnde, sich f\u00fcr einen Wellnessurlaub im Hotel HR &amp; Spa Marin zu entscheiden.<\/a><\/li>\n<li><div class=\"wp-block-latest-posts__featured-image aligncenter\"><a href=\"https:\/\/hotel-hr-spamarin.fr\/de\/nachrichten\/team-building-ile-de-re\/\" aria-label=\"Teambuilding auf der \u00cele de R\u00e9: Einzigartige Erlebnisse, um den Zusammenhalt zu st\u00e4rken.\"><img decoding=\"async\" width=\"1024\" height=\"576\" src=\"https:\/\/hotel-hr-spamarin.fr\/wp-content\/uploads\/sites\/5\/2025\/02\/a-hr-hotel-richelieu-et-spa-ile-de-re-equipe-1024x576.webp\" class=\"attachment-large size-large not-transparent wp-post-image\" alt=\"a hr hotel richelieu et spa ile de re equipe\" style=\"--dominant-color: #3d474e;\" srcset=\"https:\/\/hotel-hr-spamarin.fr\/wp-content\/uploads\/sites\/5\/2025\/02\/a-hr-hotel-richelieu-et-spa-ile-de-re-equipe-1024x576.webp 1024w, https:\/\/hotel-hr-spamarin.fr\/wp-content\/uploads\/sites\/5\/2025\/02\/a-hr-hotel-richelieu-et-spa-ile-de-re-equipe-300x169.webp 300w, https:\/\/hotel-hr-spamarin.fr\/wp-content\/uploads\/sites\/5\/2025\/02\/a-hr-hotel-richelieu-et-spa-ile-de-re-equipe-768x432.webp 768w, https:\/\/hotel-hr-spamarin.fr\/wp-content\/uploads\/sites\/5\/2025\/02\/a-hr-hotel-richelieu-et-spa-ile-de-re-equipe-1536x864.webp 1536w, https:\/\/hotel-hr-spamarin.fr\/wp-content\/uploads\/sites\/5\/2025\/02\/a-hr-hotel-richelieu-et-spa-ile-de-re-equipe-2048x1152.webp 2048w\" sizes=\"(max-width: 1024px) 100vw, 1024px\" data-has-transparency=\"false\" data-dominant-color=\"3d474e\" \/><\/a><\/div><a class=\"wp-block-latest-posts__post-title\" href=\"https:\/\/hotel-hr-spamarin.fr\/de\/nachrichten\/team-building-ile-de-re\/\">Teambuilding auf der \u00cele de R\u00e9: Einzigartige Erlebnisse, um den Zusammenhalt zu st\u00e4rken.<\/a><\/li>\n<li><div class=\"wp-block-latest-posts__featured-image aligncenter\"><a href=\"https:\/\/hotel-hr-spamarin.fr\/de\/nachrichten\/gastronomie-ile-de-re\/\" aria-label=\"Ein au\u00dfergew\u00f6hnliches gastronomisches Erlebnis in L&#8217;Arnerault by HR\"><img decoding=\"async\" width=\"1024\" height=\"683\" src=\"https:\/\/hotel-hr-spamarin.fr\/wp-content\/uploads\/sites\/5\/2025\/01\/larnerault-by-hr-plat-1024x683.webp\" class=\"attachment-large size-large not-transparent wp-post-image\" alt=\"l&#039;arnerault by hr plat\" style=\"--dominant-color: #4e4440;\" srcset=\"https:\/\/hotel-hr-spamarin.fr\/wp-content\/uploads\/sites\/5\/2025\/01\/larnerault-by-hr-plat-1024x683.webp 1024w, https:\/\/hotel-hr-spamarin.fr\/wp-content\/uploads\/sites\/5\/2025\/01\/larnerault-by-hr-plat-300x200.webp 300w, https:\/\/hotel-hr-spamarin.fr\/wp-content\/uploads\/sites\/5\/2025\/01\/larnerault-by-hr-plat-768x513.webp 768w, https:\/\/hotel-hr-spamarin.fr\/wp-content\/uploads\/sites\/5\/2025\/01\/larnerault-by-hr-plat-1536x1025.webp 1536w, https:\/\/hotel-hr-spamarin.fr\/wp-content\/uploads\/sites\/5\/2025\/01\/larnerault-by-hr-plat.webp 2023w\" sizes=\"(max-width: 1024px) 100vw, 1024px\" data-has-transparency=\"false\" data-dominant-color=\"4e4440\" \/><\/a><\/div><a class=\"wp-block-latest-posts__post-title\" href=\"https:\/\/hotel-hr-spamarin.fr\/de\/nachrichten\/gastronomie-ile-de-re\/\">Ein au\u00dfergew\u00f6hnliches gastronomisches Erlebnis in L&#8217;Arnerault by HR<\/a><\/li>\n<\/ul>\n<h2 class=\"wp-block-heading\">Kategorien<\/h2>\n<ul class=\"wp-block-categories-list wp-block-categories\">\t<li class=\"cat-item cat-item-60\"><a href=\"https:\/\/hotel-hr-spamarin.fr\/de\/category\/aufenthalte-ile-de-re\/\">Aufenthalte Ile de R\u00e9<\/a>\n<\/li>\n\t<li class=\"cat-item cat-item-49\"><a href=\"https:\/\/hotel-hr-spamarin.fr\/de\/category\/nachrichten\/\">Nachrichten<\/a>\n<\/li>\n\t<li class=\"cat-item cat-item-52\"><a href=\"https:\/\/hotel-hr-spamarin.fr\/de\/category\/presseberichte\/\">Presseberichte<\/a>\n<\/li>\n\t<li class=\"cat-item cat-item-56\"><a href=\"https:\/\/hotel-hr-spamarin.fr\/de\/category\/seminare\/\">Seminare<\/a>\n<\/li>\n<\/ul>","protected":false},"excerpt":{"rendered":"<p>Neueste Artikel Kategorien<\/p>\n","protected":false},"author":1,"featured_media":92292,"parent":0,"menu_order":0,"comment_status":"closed","ping_status":"closed","template":"","meta":{"_acf_changed":false,"_seopress_robots_primary_cat":"","_seopress_titles_title":"","_seopress_titles_desc":"","_seopress_robots_index":"","inline_featured_image":false,"gt_fse_maillage_image":"https:\/\/hotel-hr-spamarin.fr\/wp-content\/uploads\/sites\/5\/2025\/06\/page-daccueil-01-deroulant-1-1.jpg","gt_fse_maillage_titre":"Automatischer Entwurf","gt_fse_maillage_alt":"Blog","gt_fse_maillage_resume":"","footnotes":""},"categories":[],"tags":[],"class_list":["post-94842","page","type-page","status-publish","has-post-thumbnail"],"acf":[],"_links":{"self":[{"href":"https:\/\/hotel-hr-spamarin.fr\/de\/wp-json\/wp\/v2\/pages\/94842","targetHints":{"allow":["GET"]}}],"collection":[{"href":"https:\/\/hotel-hr-spamarin.fr\/de\/wp-json\/wp\/v2\/pages"}],"about":[{"href":"https:\/\/hotel-hr-spamarin.fr\/de\/wp-json\/wp\/v2\/types\/page"}],"author":[{"embeddable":true,"href":"https:\/\/hotel-hr-spamarin.fr\/de\/wp-json\/wp\/v2\/users\/1"}],"replies":[{"embeddable":true,"href":"https:\/\/hotel-hr-spamarin.fr\/de\/wp-json\/wp\/v2\/comments?post=94842"}],"version-history":[{"count":6,"href":"https:\/\/hotel-hr-spamarin.fr\/de\/wp-json\/wp\/v2\/pages\/94842\/revisions"}],"predecessor-version":[{"id":94867,"href":"https:\/\/hotel-hr-spamarin.fr\/de\/wp-json\/wp\/v2\/pages\/94842\/revisions\/94867"}],"wp:featuredmedia":[{"embeddable":true,"href":"https:\/\/hotel-hr-spamarin.fr\/de\/wp-json\/wp\/v2\/media\/92292"}],"wp:attachment":[{"href":"https:\/\/hotel-hr-spamarin.fr\/de\/wp-json\/wp\/v2\/media?parent=94842"}],"wp:term":[{"taxonomy":"category","embeddable":true,"href":"https:\/\/hotel-hr-spamarin.fr\/de\/wp-json\/wp\/v2\/categories?post=94842"},{"taxonomy":"post_tag","embeddable":true,"href":"https:\/\/hotel-hr-spamarin.fr\/de\/wp-json\/wp\/v2\/tags?post=94842"}],"curies":[{"name":"wp","href":"https:\/\/api.w.org\/{rel}","templated":true}]}}