{"id":94844,"date":"2026-04-16T16:15:43","date_gmt":"2026-04-16T14:15:43","guid":{"rendered":"https:\/\/hotel-hr-spamarin.fr\/blog\/"},"modified":"2026-04-16T16:27:58","modified_gmt":"2026-04-16T14:27:58","slug":"blog","status":"publish","type":"page","link":"https:\/\/hotel-hr-spamarin.fr\/en\/blog\/","title":{"rendered":"Blog"},"content":{"rendered":"\n<h2 class=\"wp-block-heading\">Latest articles<\/h2>\n<ul class=\"wp-block-latest-posts__list wp-block-latest-posts\"><li><div class=\"wp-block-latest-posts__featured-image aligncenter\"><a href=\"https:\/\/hotel-hr-spamarin.fr\/en\/seminars\/comment-choisir-son-lieu-de-seminaire-residentiel-les-8-criteres-qui-changent-tout\/\" aria-label=\"How do you choose your residential seminar venue? 8 criteria that make all the difference\"><img decoding=\"async\" width=\"1024\" height=\"683\" src=\"https:\/\/hotel-hr-spamarin.fr\/wp-content\/uploads\/sites\/5\/2026\/03\/velo-ile-de-re-1024x683.jpeg\" class=\"attachment-large size-large not-transparent wp-post-image\" alt=\"\" style=\"--dominant-color: #7597ae;\" srcset=\"https:\/\/hotel-hr-spamarin.fr\/wp-content\/uploads\/sites\/5\/2026\/03\/velo-ile-de-re-1024x683.jpeg 1024w, https:\/\/hotel-hr-spamarin.fr\/wp-content\/uploads\/sites\/5\/2026\/03\/velo-ile-de-re-300x200.jpeg 300w, https:\/\/hotel-hr-spamarin.fr\/wp-content\/uploads\/sites\/5\/2026\/03\/velo-ile-de-re-768x513.jpeg 768w, https:\/\/hotel-hr-spamarin.fr\/wp-content\/uploads\/sites\/5\/2026\/03\/velo-ile-de-re-1536x1025.jpeg 1536w, https:\/\/hotel-hr-spamarin.fr\/wp-content\/uploads\/sites\/5\/2026\/03\/velo-ile-de-re-2048x1367.jpeg 2048w\" sizes=\"(max-width: 1024px) 100vw, 1024px\" data-has-transparency=\"false\" data-dominant-color=\"7597ae\" \/><\/a><\/div><a class=\"wp-block-latest-posts__post-title\" href=\"https:\/\/hotel-hr-spamarin.fr\/en\/seminars\/comment-choisir-son-lieu-de-seminaire-residentiel-les-8-criteres-qui-changent-tout\/\">How do you choose your residential seminar venue? 8 criteria that make all the difference<\/a><\/li>\n<li><div class=\"wp-block-latest-posts__featured-image aligncenter\"><a href=\"https:\/\/hotel-hr-spamarin.fr\/en\/seminars\/seminaire-bien-etre-pourquoi-integrer-le-spa-dans-votre-programme-dentreprise\/\" aria-label=\"Wellness seminar: why integrate spa and thalasso into your corporate program\"><img decoding=\"async\" width=\"1024\" height=\"681\" src=\"https:\/\/hotel-hr-spamarin.fr\/wp-content\/uploads\/sites\/5\/2025\/05\/thalasso-hotel-hr-spa-marin-de-lile-de-re-1024x681.webp\" class=\"attachment-large size-large not-transparent wp-post-image\" alt=\"thalasso hotel hr &amp; spa marin de l&#039;\u00eele de r\u00e9\" style=\"--dominant-color: #8a8874;\" srcset=\"https:\/\/hotel-hr-spamarin.fr\/wp-content\/uploads\/sites\/5\/2025\/05\/thalasso-hotel-hr-spa-marin-de-lile-de-re-1024x681.webp 1024w, https:\/\/hotel-hr-spamarin.fr\/wp-content\/uploads\/sites\/5\/2025\/05\/thalasso-hotel-hr-spa-marin-de-lile-de-re-300x200.webp 300w, https:\/\/hotel-hr-spamarin.fr\/wp-content\/uploads\/sites\/5\/2025\/05\/thalasso-hotel-hr-spa-marin-de-lile-de-re-768x511.webp 768w, https:\/\/hotel-hr-spamarin.fr\/wp-content\/uploads\/sites\/5\/2025\/05\/thalasso-hotel-hr-spa-marin-de-lile-de-re-1536x1021.webp 1536w, https:\/\/hotel-hr-spamarin.fr\/wp-content\/uploads\/sites\/5\/2025\/05\/thalasso-hotel-hr-spa-marin-de-lile-de-re.webp 2030w\" sizes=\"(max-width: 1024px) 100vw, 1024px\" data-has-transparency=\"false\" data-dominant-color=\"8a8874\" \/><\/a><\/div><a class=\"wp-block-latest-posts__post-title\" href=\"https:\/\/hotel-hr-spamarin.fr\/en\/seminars\/seminaire-bien-etre-pourquoi-integrer-le-spa-dans-votre-programme-dentreprise\/\">Wellness seminar: why integrate spa and thalasso into your corporate program<\/a><\/li>\n<li><div class=\"wp-block-latest-posts__featured-image aligncenter\"><a href=\"https:\/\/hotel-hr-spamarin.fr\/en\/seminars\/5-raisons-dorganiser-votre-prochain-offsite-hors-de-paris-sur-lile-de-re\/\" aria-label=\"5 reasons to organize your next offsite outside Paris, on the \u00cele de R\u00e9\"><img decoding=\"async\" width=\"1024\" height=\"683\" src=\"https:\/\/hotel-hr-spamarin.fr\/wp-content\/uploads\/sites\/5\/2026\/03\/velo-ile-de-re-1024x683.jpeg\" class=\"attachment-large size-large not-transparent wp-post-image\" alt=\"\" style=\"--dominant-color: #7597ae;\" srcset=\"https:\/\/hotel-hr-spamarin.fr\/wp-content\/uploads\/sites\/5\/2026\/03\/velo-ile-de-re-1024x683.jpeg 1024w, https:\/\/hotel-hr-spamarin.fr\/wp-content\/uploads\/sites\/5\/2026\/03\/velo-ile-de-re-300x200.jpeg 300w, https:\/\/hotel-hr-spamarin.fr\/wp-content\/uploads\/sites\/5\/2026\/03\/velo-ile-de-re-768x513.jpeg 768w, https:\/\/hotel-hr-spamarin.fr\/wp-content\/uploads\/sites\/5\/2026\/03\/velo-ile-de-re-1536x1025.jpeg 1536w, https:\/\/hotel-hr-spamarin.fr\/wp-content\/uploads\/sites\/5\/2026\/03\/velo-ile-de-re-2048x1367.jpeg 2048w\" sizes=\"(max-width: 1024px) 100vw, 1024px\" data-has-transparency=\"false\" data-dominant-color=\"7597ae\" \/><\/a><\/div><a class=\"wp-block-latest-posts__post-title\" href=\"https:\/\/hotel-hr-spamarin.fr\/en\/seminars\/5-raisons-dorganiser-votre-prochain-offsite-hors-de-paris-sur-lile-de-re\/\">5 reasons to organize your next offsite outside Paris, on the \u00cele de R\u00e9<\/a><\/li>\n<li><div class=\"wp-block-latest-posts__featured-image aligncenter\"><a href=\"https:\/\/hotel-hr-spamarin.fr\/en\/seminars\/team-building-sur-lile-de-re\/\" aria-label=\"Team building on the \u00cele de R\u00e9: organize a premium corporate seminar between sea, spa and gastronomy\"><img decoding=\"async\" width=\"1024\" height=\"683\" src=\"https:\/\/hotel-hr-spamarin.fr\/wp-content\/uploads\/sites\/5\/2025\/01\/seminaires-hrspa-1024x683.webp\" class=\"attachment-large size-large not-transparent wp-post-image\" alt=\"hr&amp;spa seminars\" style=\"--dominant-color: #776860;\" srcset=\"https:\/\/hotel-hr-spamarin.fr\/wp-content\/uploads\/sites\/5\/2025\/01\/seminaires-hrspa-1024x683.webp 1024w, https:\/\/hotel-hr-spamarin.fr\/wp-content\/uploads\/sites\/5\/2025\/01\/seminaires-hrspa-300x200.webp 300w, https:\/\/hotel-hr-spamarin.fr\/wp-content\/uploads\/sites\/5\/2025\/01\/seminaires-hrspa-768x512.webp 768w, https:\/\/hotel-hr-spamarin.fr\/wp-content\/uploads\/sites\/5\/2025\/01\/seminaires-hrspa-1536x1025.webp 1536w, https:\/\/hotel-hr-spamarin.fr\/wp-content\/uploads\/sites\/5\/2025\/01\/seminaires-hrspa.webp 2024w\" sizes=\"(max-width: 1024px) 100vw, 1024px\" data-has-transparency=\"false\" data-dominant-color=\"776860\" \/><\/a><\/div><a class=\"wp-block-latest-posts__post-title\" href=\"https:\/\/hotel-hr-spamarin.fr\/en\/seminars\/team-building-sur-lile-de-re\/\">Team building on the \u00cele de R\u00e9: organize a premium corporate seminar between sea, spa and gastronomy<\/a><\/li>\n<li><div class=\"wp-block-latest-posts__featured-image aligncenter\"><a href=\"https:\/\/hotel-hr-spamarin.fr\/en\/ile-de-re-stays\/sejour-en-hotel-spa-marin-que-comprend-une-nuitee-dans-un-etablissement-5-etoiles\/\" aria-label=\"A stay in a marine spa hotel: what does an overnight stay in a 5-star establishment include?\"><img decoding=\"async\" width=\"1024\" height=\"681\" src=\"https:\/\/hotel-hr-spamarin.fr\/wp-content\/uploads\/sites\/5\/2025\/05\/thalasso-hotel-hr-spa-marin-de-lile-de-re-1024x681.webp\" class=\"attachment-large size-large not-transparent wp-post-image\" alt=\"thalasso hotel hr &amp; spa marin de l&#039;\u00eele de r\u00e9\" style=\"--dominant-color: #8a8874;\" srcset=\"https:\/\/hotel-hr-spamarin.fr\/wp-content\/uploads\/sites\/5\/2025\/05\/thalasso-hotel-hr-spa-marin-de-lile-de-re-1024x681.webp 1024w, https:\/\/hotel-hr-spamarin.fr\/wp-content\/uploads\/sites\/5\/2025\/05\/thalasso-hotel-hr-spa-marin-de-lile-de-re-300x200.webp 300w, https:\/\/hotel-hr-spamarin.fr\/wp-content\/uploads\/sites\/5\/2025\/05\/thalasso-hotel-hr-spa-marin-de-lile-de-re-768x511.webp 768w, https:\/\/hotel-hr-spamarin.fr\/wp-content\/uploads\/sites\/5\/2025\/05\/thalasso-hotel-hr-spa-marin-de-lile-de-re-1536x1021.webp 1536w, https:\/\/hotel-hr-spamarin.fr\/wp-content\/uploads\/sites\/5\/2025\/05\/thalasso-hotel-hr-spa-marin-de-lile-de-re.webp 2030w\" sizes=\"(max-width: 1024px) 100vw, 1024px\" data-has-transparency=\"false\" data-dominant-color=\"8a8874\" \/><\/a><\/div><a class=\"wp-block-latest-posts__post-title\" href=\"https:\/\/hotel-hr-spamarin.fr\/en\/ile-de-re-stays\/sejour-en-hotel-spa-marin-que-comprend-une-nuitee-dans-un-etablissement-5-etoiles\/\">A stay in a marine spa hotel: what does an overnight stay in a 5-star establishment include?<\/a><\/li>\n<li><div class=\"wp-block-latest-posts__featured-image aligncenter\"><a href=\"https:\/\/hotel-hr-spamarin.fr\/en\/ile-de-re-stays\/que-faire-ile-de-re-en-couple-itineraire-romantique-de-3-jours\/\" aria-label=\"What to do on the Ile de R\u00e9 as a couple: a romantic 3-day itinerary\"><img decoding=\"async\" width=\"1024\" height=\"682\" src=\"https:\/\/hotel-hr-spamarin.fr\/wp-content\/uploads\/sites\/5\/2025\/02\/2024.09.15-\u2764\ufe0f-ile-de-re-sunset-plage-des-gollandieres-7403668-1024x682.jpg\" class=\"attachment-large size-large not-transparent wp-post-image\" alt=\"2024.09.15 \u2764\ufe0f ile de r\u00e9 sunset plage des gollandi\u00e8res 7403668\" style=\"--dominant-color: #979692;\" srcset=\"https:\/\/hotel-hr-spamarin.fr\/wp-content\/uploads\/sites\/5\/2025\/02\/2024.09.15-\u2764\ufe0f-ile-de-re-sunset-plage-des-gollandieres-7403668-1024x682.jpg 1024w, https:\/\/hotel-hr-spamarin.fr\/wp-content\/uploads\/sites\/5\/2025\/02\/2024.09.15-\u2764\ufe0f-ile-de-re-sunset-plage-des-gollandieres-7403668-300x200.jpg 300w, https:\/\/hotel-hr-spamarin.fr\/wp-content\/uploads\/sites\/5\/2025\/02\/2024.09.15-\u2764\ufe0f-ile-de-re-sunset-plage-des-gollandieres-7403668-768x512.jpg 768w, https:\/\/hotel-hr-spamarin.fr\/wp-content\/uploads\/sites\/5\/2025\/02\/2024.09.15-\u2764\ufe0f-ile-de-re-sunset-plage-des-gollandieres-7403668-1536x1024.jpg 1536w, https:\/\/hotel-hr-spamarin.fr\/wp-content\/uploads\/sites\/5\/2025\/02\/2024.09.15-\u2764\ufe0f-ile-de-re-sunset-plage-des-gollandieres-7403668.jpg 2000w\" sizes=\"(max-width: 1024px) 100vw, 1024px\" data-has-transparency=\"false\" data-dominant-color=\"979692\" \/><\/a><\/div><a class=\"wp-block-latest-posts__post-title\" href=\"https:\/\/hotel-hr-spamarin.fr\/en\/ile-de-re-stays\/que-faire-ile-de-re-en-couple-itineraire-romantique-de-3-jours\/\">What to do on the Ile de R\u00e9 as a couple: a romantic 3-day itinerary<\/a><\/li>\n<li><div class=\"wp-block-latest-posts__featured-image aligncenter\"><a href=\"https:\/\/hotel-hr-spamarin.fr\/en\/seminars\/seminaire-guide-pratique-pour-organiser-votre-evenement-entreprise\/\" aria-label=\"S\u00e9minaire R\u00e9sidentiel \u00cele de R\u00e9 : The Practical Guide to Organizing Your Corporate Event\"><img decoding=\"async\" width=\"1024\" height=\"682\" src=\"https:\/\/hotel-hr-spamarin.fr\/wp-content\/uploads\/sites\/5\/2025\/02\/2024.09.15-\u2764\ufe0f-ile-de-re-sunset-plage-des-gollandieres-7403885-1024x682.jpg\" class=\"attachment-large size-large not-transparent wp-post-image\" alt=\"2024.09.15 \u2764\ufe0f ile de r\u00e9 sunset plage des gollandi\u00e8res 7403885\" style=\"--dominant-color: #887174;\" srcset=\"https:\/\/hotel-hr-spamarin.fr\/wp-content\/uploads\/sites\/5\/2025\/02\/2024.09.15-\u2764\ufe0f-ile-de-re-sunset-plage-des-gollandieres-7403885-1024x682.jpg 1024w, https:\/\/hotel-hr-spamarin.fr\/wp-content\/uploads\/sites\/5\/2025\/02\/2024.09.15-\u2764\ufe0f-ile-de-re-sunset-plage-des-gollandieres-7403885-300x200.jpg 300w, https:\/\/hotel-hr-spamarin.fr\/wp-content\/uploads\/sites\/5\/2025\/02\/2024.09.15-\u2764\ufe0f-ile-de-re-sunset-plage-des-gollandieres-7403885-768x512.jpg 768w, https:\/\/hotel-hr-spamarin.fr\/wp-content\/uploads\/sites\/5\/2025\/02\/2024.09.15-\u2764\ufe0f-ile-de-re-sunset-plage-des-gollandieres-7403885-1536x1024.jpg 1536w, https:\/\/hotel-hr-spamarin.fr\/wp-content\/uploads\/sites\/5\/2025\/02\/2024.09.15-\u2764\ufe0f-ile-de-re-sunset-plage-des-gollandieres-7403885.jpg 2000w\" sizes=\"(max-width: 1024px) 100vw, 1024px\" data-has-transparency=\"false\" data-dominant-color=\"887174\" \/><\/a><\/div><a class=\"wp-block-latest-posts__post-title\" href=\"https:\/\/hotel-hr-spamarin.fr\/en\/seminars\/seminaire-guide-pratique-pour-organiser-votre-evenement-entreprise\/\">S\u00e9minaire R\u00e9sidentiel \u00cele de R\u00e9 : The Practical Guide to Organizing Your Corporate Event<\/a><\/li>\n<li><div class=\"wp-block-latest-posts__featured-image aligncenter\"><a href=\"https:\/\/hotel-hr-spamarin.fr\/en\/press-review\/hr-hotel-spa-marin-a-lhonneur-dans-le-parisien-week-end\/\" aria-label=\"HR H\u00f4tel &amp; Spa Marin on Le Parisien Week-End\"><img decoding=\"async\" width=\"1024\" height=\"683\" src=\"https:\/\/hotel-hr-spamarin.fr\/wp-content\/uploads\/sites\/5\/2025\/05\/soins-et-relaxation-hotel-hr-spa-marin-de-lile-de-re-1024x683.webp\" class=\"attachment-large size-large not-transparent wp-post-image\" alt=\"treatments and relaxation hotel hr &amp; spa marin de l&#039;\u00eele de r\u00e9\" style=\"--dominant-color: #573931;\" srcset=\"https:\/\/hotel-hr-spamarin.fr\/wp-content\/uploads\/sites\/5\/2025\/05\/soins-et-relaxation-hotel-hr-spa-marin-de-lile-de-re-1024x683.webp 1024w, https:\/\/hotel-hr-spamarin.fr\/wp-content\/uploads\/sites\/5\/2025\/05\/soins-et-relaxation-hotel-hr-spa-marin-de-lile-de-re-300x200.webp 300w, https:\/\/hotel-hr-spamarin.fr\/wp-content\/uploads\/sites\/5\/2025\/05\/soins-et-relaxation-hotel-hr-spa-marin-de-lile-de-re-768x512.webp 768w, https:\/\/hotel-hr-spamarin.fr\/wp-content\/uploads\/sites\/5\/2025\/05\/soins-et-relaxation-hotel-hr-spa-marin-de-lile-de-re-1536x1025.webp 1536w, https:\/\/hotel-hr-spamarin.fr\/wp-content\/uploads\/sites\/5\/2025\/05\/soins-et-relaxation-hotel-hr-spa-marin-de-lile-de-re.webp 2024w\" sizes=\"(max-width: 1024px) 100vw, 1024px\" data-has-transparency=\"false\" data-dominant-color=\"573931\" \/><\/a><\/div><a class=\"wp-block-latest-posts__post-title\" href=\"https:\/\/hotel-hr-spamarin.fr\/en\/press-review\/hr-hotel-spa-marin-a-lhonneur-dans-le-parisien-week-end\/\">HR H\u00f4tel &amp; Spa Marin on Le Parisien Week-End<\/a><\/li>\n<li><div class=\"wp-block-latest-posts__featured-image aligncenter\"><a href=\"https:\/\/hotel-hr-spamarin.fr\/en\/press-review\/hr-hotel-spa-marin-a-lile-de-re-a-lhonneur-dans-sud-ouest-week-end-une-destination-bien-etre-incontournable\/\" aria-label=\"HR Hotel &amp; Spa Marin in Sud Ouest Week-End\"><img decoding=\"async\" width=\"1024\" height=\"681\" src=\"https:\/\/hotel-hr-spamarin.fr\/wp-content\/uploads\/sites\/5\/2025\/05\/thalasso-hotel-hr-spa-marin-de-lile-de-re-1024x681.webp\" class=\"attachment-large size-large not-transparent wp-post-image\" alt=\"thalasso hotel hr &amp; spa marin de l&#039;\u00eele de r\u00e9\" style=\"--dominant-color: #8a8874;\" srcset=\"https:\/\/hotel-hr-spamarin.fr\/wp-content\/uploads\/sites\/5\/2025\/05\/thalasso-hotel-hr-spa-marin-de-lile-de-re-1024x681.webp 1024w, https:\/\/hotel-hr-spamarin.fr\/wp-content\/uploads\/sites\/5\/2025\/05\/thalasso-hotel-hr-spa-marin-de-lile-de-re-300x200.webp 300w, https:\/\/hotel-hr-spamarin.fr\/wp-content\/uploads\/sites\/5\/2025\/05\/thalasso-hotel-hr-spa-marin-de-lile-de-re-768x511.webp 768w, https:\/\/hotel-hr-spamarin.fr\/wp-content\/uploads\/sites\/5\/2025\/05\/thalasso-hotel-hr-spa-marin-de-lile-de-re-1536x1021.webp 1536w, https:\/\/hotel-hr-spamarin.fr\/wp-content\/uploads\/sites\/5\/2025\/05\/thalasso-hotel-hr-spa-marin-de-lile-de-re.webp 2030w\" sizes=\"(max-width: 1024px) 100vw, 1024px\" data-has-transparency=\"false\" data-dominant-color=\"8a8874\" \/><\/a><\/div><a class=\"wp-block-latest-posts__post-title\" href=\"https:\/\/hotel-hr-spamarin.fr\/en\/press-review\/hr-hotel-spa-marin-a-lile-de-re-a-lhonneur-dans-sud-ouest-week-end-une-destination-bien-etre-incontournable\/\">HR Hotel &amp; Spa Marin in Sud Ouest Week-End<\/a><\/li>\n<li><div class=\"wp-block-latest-posts__featured-image aligncenter\"><a href=\"https:\/\/hotel-hr-spamarin.fr\/en\/press-review\/hr-hotel-spa-marin-selectionne-par-home-magazine-un-spa-marin-dexception-sur-latlantique\/\" aria-label=\"HR Hotel &amp; Spa Marin on Home Magazine\"><img decoding=\"async\" width=\"1024\" height=\"683\" src=\"https:\/\/hotel-hr-spamarin.fr\/wp-content\/uploads\/sites\/5\/2025\/02\/hotel-hr-spa-marin3-1024x683.webp\" class=\"attachment-large size-large not-transparent wp-post-image\" alt=\"hotel hr spa marin3\" style=\"--dominant-color: #9aa19c;\" srcset=\"https:\/\/hotel-hr-spamarin.fr\/wp-content\/uploads\/sites\/5\/2025\/02\/hotel-hr-spa-marin3-1024x683.webp 1024w, https:\/\/hotel-hr-spamarin.fr\/wp-content\/uploads\/sites\/5\/2025\/02\/hotel-hr-spa-marin3-300x200.webp 300w, https:\/\/hotel-hr-spamarin.fr\/wp-content\/uploads\/sites\/5\/2025\/02\/hotel-hr-spa-marin3-768x512.webp 768w, https:\/\/hotel-hr-spamarin.fr\/wp-content\/uploads\/sites\/5\/2025\/02\/hotel-hr-spa-marin3-1536x1025.webp 1536w, https:\/\/hotel-hr-spamarin.fr\/wp-content\/uploads\/sites\/5\/2025\/02\/hotel-hr-spa-marin3-2048x1366.webp 2048w\" sizes=\"(max-width: 1024px) 100vw, 1024px\" data-has-transparency=\"false\" data-dominant-color=\"9aa19c\" \/><\/a><\/div><a class=\"wp-block-latest-posts__post-title\" href=\"https:\/\/hotel-hr-spamarin.fr\/en\/press-review\/hr-hotel-spa-marin-selectionne-par-home-magazine-un-spa-marin-dexception-sur-latlantique\/\">HR Hotel &amp; Spa Marin on Home Magazine<\/a><\/li>\n<li><div class=\"wp-block-latest-posts__featured-image aligncenter\"><a href=\"https:\/\/hotel-hr-spamarin.fr\/en\/news\/sejour-bien-etre-ile-de-re\/\" aria-label=\"Five reasons to choose a wellness stay at H\u00f4tel HR &amp; Spa Marin.\"><img decoding=\"async\" width=\"1024\" height=\"1024\" src=\"https:\/\/hotel-hr-spamarin.fr\/wp-content\/uploads\/sites\/5\/2025\/02\/soins-spa-hr-1024x1024.webp\" class=\"attachment-large size-large not-transparent wp-post-image\" alt=\"hr spa treatments\" style=\"--dominant-color: #887e6d;\" srcset=\"https:\/\/hotel-hr-spamarin.fr\/wp-content\/uploads\/sites\/5\/2025\/02\/soins-spa-hr-1024x1024.webp 1024w, https:\/\/hotel-hr-spamarin.fr\/wp-content\/uploads\/sites\/5\/2025\/02\/soins-spa-hr-300x300.webp 300w, https:\/\/hotel-hr-spamarin.fr\/wp-content\/uploads\/sites\/5\/2025\/02\/soins-spa-hr-150x150.webp 150w, https:\/\/hotel-hr-spamarin.fr\/wp-content\/uploads\/sites\/5\/2025\/02\/soins-spa-hr-768x768.webp 768w, https:\/\/hotel-hr-spamarin.fr\/wp-content\/uploads\/sites\/5\/2025\/02\/soins-spa-hr-1536x1536.webp 1536w, https:\/\/hotel-hr-spamarin.fr\/wp-content\/uploads\/sites\/5\/2025\/02\/soins-spa-hr-400x400.webp 400w, https:\/\/hotel-hr-spamarin.fr\/wp-content\/uploads\/sites\/5\/2025\/02\/soins-spa-hr-600x600.webp 600w, https:\/\/hotel-hr-spamarin.fr\/wp-content\/uploads\/sites\/5\/2025\/02\/soins-spa-hr.webp 2000w\" sizes=\"(max-width: 1024px) 100vw, 1024px\" data-has-transparency=\"false\" data-dominant-color=\"887e6d\" \/><\/a><\/div><a class=\"wp-block-latest-posts__post-title\" href=\"https:\/\/hotel-hr-spamarin.fr\/en\/news\/sejour-bien-etre-ile-de-re\/\">Five reasons to choose a wellness stay at H\u00f4tel HR &amp; Spa Marin.<\/a><\/li>\n<li><div class=\"wp-block-latest-posts__featured-image aligncenter\"><a href=\"https:\/\/hotel-hr-spamarin.fr\/en\/news\/team-building-ile-de-re\/\" aria-label=\"Team building on the \u00cele de R\u00e9: unique experiences to strengthen cohesion.\"><img decoding=\"async\" width=\"1024\" height=\"576\" src=\"https:\/\/hotel-hr-spamarin.fr\/wp-content\/uploads\/sites\/5\/2025\/02\/a-hr-hotel-richelieu-et-spa-ile-de-re-equipe-1024x576.webp\" class=\"attachment-large size-large not-transparent wp-post-image\" alt=\"a hr hotel richelieu et spa ile de re equipe\" style=\"--dominant-color: #3d474e;\" srcset=\"https:\/\/hotel-hr-spamarin.fr\/wp-content\/uploads\/sites\/5\/2025\/02\/a-hr-hotel-richelieu-et-spa-ile-de-re-equipe-1024x576.webp 1024w, https:\/\/hotel-hr-spamarin.fr\/wp-content\/uploads\/sites\/5\/2025\/02\/a-hr-hotel-richelieu-et-spa-ile-de-re-equipe-300x169.webp 300w, https:\/\/hotel-hr-spamarin.fr\/wp-content\/uploads\/sites\/5\/2025\/02\/a-hr-hotel-richelieu-et-spa-ile-de-re-equipe-768x432.webp 768w, https:\/\/hotel-hr-spamarin.fr\/wp-content\/uploads\/sites\/5\/2025\/02\/a-hr-hotel-richelieu-et-spa-ile-de-re-equipe-1536x864.webp 1536w, https:\/\/hotel-hr-spamarin.fr\/wp-content\/uploads\/sites\/5\/2025\/02\/a-hr-hotel-richelieu-et-spa-ile-de-re-equipe-2048x1152.webp 2048w\" sizes=\"(max-width: 1024px) 100vw, 1024px\" data-has-transparency=\"false\" data-dominant-color=\"3d474e\" \/><\/a><\/div><a class=\"wp-block-latest-posts__post-title\" href=\"https:\/\/hotel-hr-spamarin.fr\/en\/news\/team-building-ile-de-re\/\">Team building on the \u00cele de R\u00e9: unique experiences to strengthen cohesion.<\/a><\/li>\n<li><div class=\"wp-block-latest-posts__featured-image aligncenter\"><a href=\"https:\/\/hotel-hr-spamarin.fr\/en\/actualites\/gastronomie-ile-de-re\/\" aria-label=\"An exceptional gastronomic experience at L&#8217;Arnerault by HR\"><img decoding=\"async\" width=\"1024\" height=\"683\" src=\"https:\/\/hotel-hr-spamarin.fr\/wp-content\/uploads\/sites\/5\/2025\/01\/larnerault-by-hr-plat-1024x683.webp\" class=\"attachment-large size-large not-transparent wp-post-image\" alt=\"l&#039;arnerault by hr plat\" style=\"--dominant-color: #4e4440;\" srcset=\"https:\/\/hotel-hr-spamarin.fr\/wp-content\/uploads\/sites\/5\/2025\/01\/larnerault-by-hr-plat-1024x683.webp 1024w, https:\/\/hotel-hr-spamarin.fr\/wp-content\/uploads\/sites\/5\/2025\/01\/larnerault-by-hr-plat-300x200.webp 300w, https:\/\/hotel-hr-spamarin.fr\/wp-content\/uploads\/sites\/5\/2025\/01\/larnerault-by-hr-plat-768x513.webp 768w, https:\/\/hotel-hr-spamarin.fr\/wp-content\/uploads\/sites\/5\/2025\/01\/larnerault-by-hr-plat-1536x1025.webp 1536w, https:\/\/hotel-hr-spamarin.fr\/wp-content\/uploads\/sites\/5\/2025\/01\/larnerault-by-hr-plat.webp 2023w\" sizes=\"(max-width: 1024px) 100vw, 1024px\" data-has-transparency=\"false\" data-dominant-color=\"4e4440\" \/><\/a><\/div><a class=\"wp-block-latest-posts__post-title\" href=\"https:\/\/hotel-hr-spamarin.fr\/en\/actualites\/gastronomie-ile-de-re\/\">An exceptional gastronomic experience at L&#8217;Arnerault by HR<\/a><\/li>\n<\/ul>\n<h2 class=\"wp-block-heading\">Categories<\/h2>\n<ul class=\"wp-block-categories-list wp-block-categories\">\t<li class=\"cat-item cat-item-61\"><a href=\"https:\/\/hotel-hr-spamarin.fr\/en\/category\/ile-de-re-stays\/\">Ile de R\u00e9 Stays<\/a>\n<\/li>\n\t<li class=\"cat-item cat-item-32\"><a href=\"https:\/\/hotel-hr-spamarin.fr\/en\/category\/news\/\">news<\/a>\n<\/li>\n\t<li class=\"cat-item cat-item-53\"><a href=\"https:\/\/hotel-hr-spamarin.fr\/en\/category\/press-review\/\">Press review<\/a>\n<\/li>\n\t<li class=\"cat-item cat-item-57\"><a href=\"https:\/\/hotel-hr-spamarin.fr\/en\/category\/seminars\/\">Seminars<\/a>\n<\/li>\n<\/ul>","protected":false},"excerpt":{"rendered":"<p>Latest articles Categories<\/p>\n","protected":false},"author":1,"featured_media":92291,"parent":0,"menu_order":0,"comment_status":"closed","ping_status":"closed","template":"","meta":{"_acf_changed":false,"_seopress_robots_primary_cat":"","_seopress_titles_title":"","_seopress_titles_desc":"","_seopress_robots_index":"","inline_featured_image":false,"gt_fse_maillage_image":"https:\/\/hotel-hr-spamarin.fr\/wp-content\/uploads\/sites\/5\/2025\/06\/page-daccueil-01-deroulant-1-1.jpg","gt_fse_maillage_titre":"Auto draft","gt_fse_maillage_alt":"Blog","gt_fse_maillage_resume":"","footnotes":""},"categories":[],"tags":[],"class_list":["post-94844","page","type-page","status-publish","has-post-thumbnail"],"acf":[],"_links":{"self":[{"href":"https:\/\/hotel-hr-spamarin.fr\/en\/wp-json\/wp\/v2\/pages\/94844","targetHints":{"allow":["GET"]}}],"collection":[{"href":"https:\/\/hotel-hr-spamarin.fr\/en\/wp-json\/wp\/v2\/pages"}],"about":[{"href":"https:\/\/hotel-hr-spamarin.fr\/en\/wp-json\/wp\/v2\/types\/page"}],"author":[{"embeddable":true,"href":"https:\/\/hotel-hr-spamarin.fr\/en\/wp-json\/wp\/v2\/users\/1"}],"replies":[{"embeddable":true,"href":"https:\/\/hotel-hr-spamarin.fr\/en\/wp-json\/wp\/v2\/comments?post=94844"}],"version-history":[{"count":6,"href":"https:\/\/hotel-hr-spamarin.fr\/en\/wp-json\/wp\/v2\/pages\/94844\/revisions"}],"predecessor-version":[{"id":94868,"href":"https:\/\/hotel-hr-spamarin.fr\/en\/wp-json\/wp\/v2\/pages\/94844\/revisions\/94868"}],"wp:featuredmedia":[{"embeddable":true,"href":"https:\/\/hotel-hr-spamarin.fr\/en\/wp-json\/wp\/v2\/media\/92291"}],"wp:attachment":[{"href":"https:\/\/hotel-hr-spamarin.fr\/en\/wp-json\/wp\/v2\/media?parent=94844"}],"wp:term":[{"taxonomy":"category","embeddable":true,"href":"https:\/\/hotel-hr-spamarin.fr\/en\/wp-json\/wp\/v2\/categories?post=94844"},{"taxonomy":"post_tag","embeddable":true,"href":"https:\/\/hotel-hr-spamarin.fr\/en\/wp-json\/wp\/v2\/tags?post=94844"}],"curies":[{"name":"wp","href":"https:\/\/api.w.org\/{rel}","templated":true}]}}